{"id":3857,"date":"2024-02-22T10:30:36","date_gmt":"2024-02-22T09:30:36","guid":{"rendered":"https:\/\/www.sportelloenergia.envipark.com\/edifici-residenziali\/?page_id=3857"},"modified":"2024-09-20T12:27:27","modified_gmt":"2024-09-20T10:27:27","slug":"giornate-informative","status":"publish","type":"page","link":"https:\/\/www.sportelloenergia.envipark.com\/edifici-residenziali\/giornate-informative\/","title":{"rendered":"Giornate informative"},"content":{"rendered":"\t\t<div data-elementor-type=\"wp-page\" data-elementor-id=\"3857\" class=\"elementor elementor-3857\" data-elementor-post-type=\"page\">\n\t\t\t\t<div class=\"elementor-element elementor-element-49f5811 e-flex e-con-boxed e-con e-parent\" data-id=\"49f5811\" data-element_type=\"container\" data-e-type=\"container\" data-settings=\"{&quot;background_background&quot;:&quot;classic&quot;}\">\n\t\t\t\t\t<div class=\"e-con-inner\">\n\t\t<div class=\"elementor-element elementor-element-5c01e68 e-con-full e-flex e-con e-child\" data-id=\"5c01e68\" data-element_type=\"container\" data-e-type=\"container\">\n\t\t\t\t<div class=\"elementor-element elementor-element-7d83c35 elementor-widget elementor-widget-heading\" data-id=\"7d83c35\" data-element_type=\"widget\" data-e-type=\"widget\" data-widget_type=\"heading.default\">\n\t\t\t\t<div class=\"elementor-widget-container\">\n\t\t\t\t\t<h1 class=\"elementor-heading-title elementor-size-default\">Giornate informative per la cittadinanza<\/h1>\t\t\t\t<\/div>\n\t\t\t\t<\/div>\n\t\t\t\t<\/div>\n\t\t\t\t\t<\/div>\n\t\t\t\t<\/div>\n\t\t<div class=\"elementor-element elementor-element-ccb445c giallo e-flex e-con-boxed e-con e-parent\" data-id=\"ccb445c\" data-element_type=\"container\" data-e-type=\"container\">\n\t\t\t\t\t<div class=\"e-con-inner\">\n\t\t\t\t<div class=\"elementor-element elementor-element-b63e576 elementor-widget elementor-widget-text-editor\" data-id=\"b63e576\" data-element_type=\"widget\" data-e-type=\"widget\" data-widget_type=\"text-editor.default\">\n\t\t\t\t<div class=\"elementor-widget-container\">\n\t\t\t\t\t\t\t\t\t<p>L\u2019iniziativa prevede di erogare delle <strong>giornate formative\/informative<\/strong> destinate ai cittadini, sul tema del risparmio energetico, in particolare sulle opportunit\u00e0 di risparmio e l\u2019installazione di impianti a Fonti Energetiche Rinnovabili. Quest\u2019attivit\u00e0 \u00e8 effettuata in collaborazione con le Amministrazioni Comunali.<\/p><p>La giornata viene svolta con la seguente modalit\u00e0.<\/p><ul><li>Ha durata minima di 2 ore e massima di 4 ore<\/li><li>Si svolge in presenza presso una sede messa a disposizione dell\u2019Amministrazione Comunale richiedente e se richiesto da remoto attraverso piattaforma zoom messa a disposizione da Environment Park<\/li><li>Gli argomenti verranno concordati tra il Comune richiedente e la Regione Piemonte con il contributo di Environment Park<\/li><li>Gli esperti verranno messi a disposizione da Environment Park<\/li><\/ul>\t\t\t\t\t\t\t\t<\/div>\n\t\t\t\t<\/div>\n\t\t\t\t\t<\/div>\n\t\t\t\t<\/div>\n\t\t<div class=\"elementor-element elementor-element-e49b9da e-flex e-con-boxed e-con e-parent\" data-id=\"e49b9da\" data-element_type=\"container\" data-e-type=\"container\">\n\t\t\t\t\t<div class=\"e-con-inner\">\n\t\t<div class=\"elementor-element elementor-element-90f9e36 e-con-full e-flex e-con e-child\" data-id=\"90f9e36\" data-element_type=\"container\" data-e-type=\"container\" data-settings=\"{&quot;background_background&quot;:&quot;classic&quot;}\">\n\t\t\t\t<div class=\"elementor-element elementor-element-e8351c1 elementor-widget elementor-widget-text-editor\" data-id=\"e8351c1\" data-element_type=\"widget\" data-e-type=\"widget\" data-widget_type=\"text-editor.default\">\n\t\t\t\t<div class=\"elementor-widget-container\">\n\t\t\t\t\t\t\t\t\t<p>Se sei un\u2019Amministrazione Comunale e ti interessa questo servizio invia la richiesta compilando il modulo sottostante<\/p>\t\t\t\t\t\t\t\t<\/div>\n\t\t\t\t<\/div>\n\t\t\t\t<div class=\"elementor-element elementor-element-7ea7a77 elementor-widget elementor-widget-aep-contact-form_7\" data-id=\"7ea7a77\" data-element_type=\"widget\" data-e-type=\"widget\" data-widget_type=\"aep-contact-form_7.default\">\n\t\t\t\t<div class=\"elementor-widget-container\">\n\t\t\t\t\t\t\t   <div class=\"elementor-shortcode aep-cf7 aep-cf7-3936  \">\n\t\t\t\t<h3 class=\"cf7-title\">\n\t\t\t\t\t\t\t\t\t<\/h3>\n\t\t\t    <div class=\"cf7-sub-title\">\n\t\t\t\t\t \n\t\t\t\t<\/div>\n\t\t\t\n<div class=\"wpcf7 no-js\" id=\"wpcf7-f3936-o1\" lang=\"it-IT\" dir=\"ltr\" data-wpcf7-id=\"3936\">\n<div class=\"screen-reader-response\"><p role=\"status\" aria-live=\"polite\" aria-atomic=\"true\"><\/p> <ul><\/ul><\/div>\n<form action=\"\/edifici-residenziali\/wp-json\/wp\/v2\/pages\/3857#wpcf7-f3936-o1\" method=\"post\" class=\"wpcf7-form init\" aria-label=\"Modulo di contatto\" novalidate=\"novalidate\" data-status=\"init\">\n<fieldset class=\"hidden-fields-container\"><input type=\"hidden\" name=\"_wpcf7\" value=\"3936\" \/><input type=\"hidden\" name=\"_wpcf7_version\" value=\"6.1.5\" \/><input type=\"hidden\" name=\"_wpcf7_locale\" value=\"it_IT\" \/><input type=\"hidden\" name=\"_wpcf7_unit_tag\" value=\"wpcf7-f3936-o1\" \/><input type=\"hidden\" name=\"_wpcf7_container_post\" value=\"0\" \/><input type=\"hidden\" name=\"_wpcf7_posted_data_hash\" value=\"\" \/><input type=\"hidden\" name=\"_wpcf7_recaptcha_response\" value=\"\" \/>\n<\/fieldset>\n<p><label> NOME*<br \/>\n<span class=\"wpcf7-form-control-wrap\" data-name=\"your-name\"><input size=\"40\" maxlength=\"400\" class=\"wpcf7-form-control wpcf7-text wpcf7-validates-as-required\" aria-required=\"true\" aria-invalid=\"false\" value=\"\" type=\"text\" name=\"your-name\" \/><\/span><\/label>\n<\/p>\n<p><label> COGNOME*<br \/>\n<span class=\"wpcf7-form-control-wrap\" data-name=\"cognome\"><input size=\"40\" maxlength=\"400\" class=\"wpcf7-form-control wpcf7-text wpcf7-validates-as-required\" aria-required=\"true\" aria-invalid=\"false\" value=\"\" type=\"text\" name=\"cognome\" \/><\/span> <\/label>\n<\/p>\n<p><label> EMAIL*<br \/>\n<span class=\"wpcf7-form-control-wrap\" data-name=\"your-envelope\"><input size=\"40\" maxlength=\"400\" class=\"wpcf7-form-control wpcf7-email wpcf7-validates-as-required wpcf7-text wpcf7-validates-as-email\" aria-required=\"true\" aria-invalid=\"false\" value=\"\" type=\"email\" name=\"your-envelope\" \/><\/span> <\/label>\n<\/p>\n<p><label> TELEFONO*<br \/>\n<span class=\"wpcf7-form-control-wrap\" data-name=\"telefono\"><input size=\"40\" maxlength=\"400\" class=\"wpcf7-form-control wpcf7-tel wpcf7-validates-as-required wpcf7-text wpcf7-validates-as-tel\" aria-required=\"true\" aria-invalid=\"false\" value=\"\" type=\"tel\" name=\"telefono\" \/><\/span> <\/label>\n<\/p>\n<p><label> COMUNE DI PROVENIENZA*<br \/>\n<span class=\"wpcf7-form-control-wrap\" data-name=\"comune\"><input size=\"40\" maxlength=\"400\" class=\"wpcf7-form-control wpcf7-text wpcf7-validates-as-required\" aria-required=\"true\" aria-invalid=\"false\" value=\"\" type=\"text\" name=\"comune\" \/><\/span> <\/label>\n<\/p>\n<p><label> SERVIZIO RICHIESTO:*<br \/>\n<span class=\"wpcf7-form-control-wrap\" data-name=\"servizio\"><select class=\"wpcf7-form-control wpcf7-select wpcf7-validates-as-required\" aria-required=\"true\" aria-invalid=\"false\" name=\"servizio\"><option value=\"---\">---<\/option><option value=\"Consulenza tecnica\">Consulenza tecnica<\/option><option value=\"Giornate informative per la cittadinanza\">Giornate informative per la cittadinanza<\/option><option value=\"Gruppi d\u2019acquisto\">Gruppi d\u2019acquisto<\/option><\/select><\/span> <\/label>\n<\/p>\n<p><label> MOTIVO DELL\u2019APPUNTAMENTO*<br \/>\n<span class=\"wpcf7-form-control-wrap\" data-name=\"motivo\"><textarea cols=\"40\" rows=\"10\" maxlength=\"2000\" class=\"wpcf7-form-control wpcf7-textarea wpcf7-validates-as-required\" aria-required=\"true\" aria-invalid=\"false\" name=\"motivo\"><\/textarea><\/span> <\/label>\n<\/p>\n<p><label> PRIVACY*<br \/>\n<span class=\"wpcf7-form-control-wrap\" data-name=\"privacy\"><span class=\"wpcf7-form-control wpcf7-acceptance\"><span class=\"wpcf7-list-item\"><input type=\"checkbox\" name=\"privacy\" value=\"1\" aria-invalid=\"false\" \/><\/span><\/span><\/span> <span style=\"font-size: 14px;\">Spuntando questa casella accetti la nostra politica sulla <a style=\"color: #000000; text-decoration: underline;\" href=\"https:\/\/www.iubenda.com\/privacy-policy\/49537034\" target=\"_blank\" >privacy<\/a>.<\/span><\/label>\n<\/p>\n<p><input class=\"wpcf7-form-control wpcf7-submit has-spinner\" type=\"submit\" value=\"INVIA\" \/>\n<\/p><div class=\"wpcf7-response-output\" aria-hidden=\"true\"><\/div>\n<\/form>\n<\/div>\n\t\t   <\/div>\n\t\t\t\t\t\t<\/div>\n\t\t\t\t<\/div>\n\t\t\t\t<\/div>\n\t\t\t\t\t<\/div>\n\t\t\t\t<\/div>\n\t\t\t\t<\/div>\n\t\t","protected":false},"excerpt":{"rendered":"<p>Giornate informative per la cittadinanza L\u2019iniziativa prevede di erogare delle giornate formative\/informative destinate ai cittadini, sul tema del risparmio energetico, in particolare sulle opportunit\u00e0 di risparmio e l\u2019installazione di impianti a Fonti Energetiche Rinnovabili. Quest\u2019attivit\u00e0 \u00e8 effettuata in collaborazione con le Amministrazioni Comunali. La giornata viene svolta con la seguente modalit\u00e0. Ha durata minima di [&hellip;]<\/p>\n","protected":false},"author":1,"featured_media":0,"parent":0,"menu_order":0,"comment_status":"closed","ping_status":"closed","template":"","meta":{"_acf_changed":false,"footnotes":""},"class_list":["post-3857","page","type-page","status-publish","hentry"],"acf":[],"yoast_head":"<!-- This site is optimized with the Yoast SEO plugin v27.2 - https:\/\/yoast.com\/product\/yoast-seo-wordpress\/ -->\n<title>Giornate informative - Sportello Energia Piemonte<\/title>\n<meta name=\"robots\" content=\"index, follow, max-snippet:-1, max-image-preview:large, max-video-preview:-1\" \/>\n<link rel=\"canonical\" href=\"https:\/\/www.sportelloenergia.envipark.com\/edifici-residenziali\/giornate-informative\/\" \/>\n<meta property=\"og:locale\" content=\"it_IT\" \/>\n<meta property=\"og:type\" content=\"article\" \/>\n<meta property=\"og:title\" content=\"Giornate informative - Sportello Energia Piemonte\" \/>\n<meta property=\"og:description\" content=\"Giornate informative per la cittadinanza L\u2019iniziativa prevede di erogare delle giornate formative\/informative destinate ai cittadini, sul tema del risparmio energetico, in particolare sulle opportunit\u00e0 di risparmio e l\u2019installazione di impianti a Fonti Energetiche Rinnovabili. Quest\u2019attivit\u00e0 \u00e8 effettuata in collaborazione con le Amministrazioni Comunali. La giornata viene svolta con la seguente modalit\u00e0. Ha durata minima di [&hellip;]\" \/>\n<meta property=\"og:url\" content=\"https:\/\/www.sportelloenergia.envipark.com\/edifici-residenziali\/giornate-informative\/\" \/>\n<meta property=\"og:site_name\" content=\"Sportello Energia Piemonte\" \/>\n<meta property=\"article:modified_time\" content=\"2024-09-20T10:27:27+00:00\" \/>\n<meta name=\"twitter:card\" content=\"summary_large_image\" \/>\n<meta name=\"twitter:label1\" content=\"Tempo di lettura stimato\" \/>\n\t<meta name=\"twitter:data1\" content=\"1 minuto\" \/>\n<script type=\"application\/ld+json\" class=\"yoast-schema-graph\">{\"@context\":\"https:\/\/schema.org\",\"@graph\":[{\"@type\":\"WebPage\",\"@id\":\"https:\/\/www.sportelloenergia.envipark.com\/edifici-residenziali\/giornate-informative\/\",\"url\":\"https:\/\/www.sportelloenergia.envipark.com\/edifici-residenziali\/giornate-informative\/\",\"name\":\"Giornate informative - Sportello Energia Piemonte\",\"isPartOf\":{\"@id\":\"https:\/\/www.sportelloenergia.envipark.com\/edifici-residenziali\/#website\"},\"datePublished\":\"2024-02-22T09:30:36+00:00\",\"dateModified\":\"2024-09-20T10:27:27+00:00\",\"breadcrumb\":{\"@id\":\"https:\/\/www.sportelloenergia.envipark.com\/edifici-residenziali\/giornate-informative\/#breadcrumb\"},\"inLanguage\":\"it-IT\",\"potentialAction\":[{\"@type\":\"ReadAction\",\"target\":[\"https:\/\/www.sportelloenergia.envipark.com\/edifici-residenziali\/giornate-informative\/\"]}]},{\"@type\":\"BreadcrumbList\",\"@id\":\"https:\/\/www.sportelloenergia.envipark.com\/edifici-residenziali\/giornate-informative\/#breadcrumb\",\"itemListElement\":[{\"@type\":\"ListItem\",\"position\":1,\"name\":\"Home\",\"item\":\"https:\/\/www.sportelloenergia.envipark.com\/edifici-residenziali\/\"},{\"@type\":\"ListItem\",\"position\":2,\"name\":\"Giornate informative\"}]},{\"@type\":\"WebSite\",\"@id\":\"https:\/\/www.sportelloenergia.envipark.com\/edifici-residenziali\/#website\",\"url\":\"https:\/\/www.sportelloenergia.envipark.com\/edifici-residenziali\/\",\"name\":\"Sportello Energia Piemonte\",\"description\":\"\",\"publisher\":{\"@id\":\"https:\/\/www.sportelloenergia.envipark.com\/edifici-residenziali\/#organization\"},\"potentialAction\":[{\"@type\":\"SearchAction\",\"target\":{\"@type\":\"EntryPoint\",\"urlTemplate\":\"https:\/\/www.sportelloenergia.envipark.com\/edifici-residenziali\/?s={search_term_string}\"},\"query-input\":{\"@type\":\"PropertyValueSpecification\",\"valueRequired\":true,\"valueName\":\"search_term_string\"}}],\"inLanguage\":\"it-IT\"},{\"@type\":\"Organization\",\"@id\":\"https:\/\/www.sportelloenergia.envipark.com\/edifici-residenziali\/#organization\",\"name\":\"Sportello Energia Piemonte\",\"url\":\"https:\/\/www.sportelloenergia.envipark.com\/edifici-residenziali\/\",\"logo\":{\"@type\":\"ImageObject\",\"inLanguage\":\"it-IT\",\"@id\":\"https:\/\/www.sportelloenergia.envipark.com\/edifici-residenziali\/#\/schema\/logo\/image\/\",\"url\":\"https:\/\/www.sportelloenergia.envipark.com\/edifici-residenziali\/wp-content\/uploads\/sites\/3\/2024\/01\/sportello-energia-piemonte-logo4.svg\",\"contentUrl\":\"https:\/\/www.sportelloenergia.envipark.com\/edifici-residenziali\/wp-content\/uploads\/sites\/3\/2024\/01\/sportello-energia-piemonte-logo4.svg\",\"width\":566,\"height\":220,\"caption\":\"Sportello Energia Piemonte\"},\"image\":{\"@id\":\"https:\/\/www.sportelloenergia.envipark.com\/edifici-residenziali\/#\/schema\/logo\/image\/\"}}]}<\/script>\n<!-- \/ Yoast SEO plugin. -->","yoast_head_json":{"title":"Giornate informative - Sportello Energia Piemonte","robots":{"index":"index","follow":"follow","max-snippet":"max-snippet:-1","max-image-preview":"max-image-preview:large","max-video-preview":"max-video-preview:-1"},"canonical":"https:\/\/www.sportelloenergia.envipark.com\/edifici-residenziali\/giornate-informative\/","og_locale":"it_IT","og_type":"article","og_title":"Giornate informative - Sportello Energia Piemonte","og_description":"Giornate informative per la cittadinanza L\u2019iniziativa prevede di erogare delle giornate formative\/informative destinate ai cittadini, sul tema del risparmio energetico, in particolare sulle opportunit\u00e0 di risparmio e l\u2019installazione di impianti a Fonti Energetiche Rinnovabili. Quest\u2019attivit\u00e0 \u00e8 effettuata in collaborazione con le Amministrazioni Comunali. La giornata viene svolta con la seguente modalit\u00e0. Ha durata minima di [&hellip;]","og_url":"https:\/\/www.sportelloenergia.envipark.com\/edifici-residenziali\/giornate-informative\/","og_site_name":"Sportello Energia Piemonte","article_modified_time":"2024-09-20T10:27:27+00:00","twitter_card":"summary_large_image","twitter_misc":{"Tempo di lettura stimato":"1 minuto"},"schema":{"@context":"https:\/\/schema.org","@graph":[{"@type":"WebPage","@id":"https:\/\/www.sportelloenergia.envipark.com\/edifici-residenziali\/giornate-informative\/","url":"https:\/\/www.sportelloenergia.envipark.com\/edifici-residenziali\/giornate-informative\/","name":"Giornate informative - Sportello Energia Piemonte","isPartOf":{"@id":"https:\/\/www.sportelloenergia.envipark.com\/edifici-residenziali\/#website"},"datePublished":"2024-02-22T09:30:36+00:00","dateModified":"2024-09-20T10:27:27+00:00","breadcrumb":{"@id":"https:\/\/www.sportelloenergia.envipark.com\/edifici-residenziali\/giornate-informative\/#breadcrumb"},"inLanguage":"it-IT","potentialAction":[{"@type":"ReadAction","target":["https:\/\/www.sportelloenergia.envipark.com\/edifici-residenziali\/giornate-informative\/"]}]},{"@type":"BreadcrumbList","@id":"https:\/\/www.sportelloenergia.envipark.com\/edifici-residenziali\/giornate-informative\/#breadcrumb","itemListElement":[{"@type":"ListItem","position":1,"name":"Home","item":"https:\/\/www.sportelloenergia.envipark.com\/edifici-residenziali\/"},{"@type":"ListItem","position":2,"name":"Giornate informative"}]},{"@type":"WebSite","@id":"https:\/\/www.sportelloenergia.envipark.com\/edifici-residenziali\/#website","url":"https:\/\/www.sportelloenergia.envipark.com\/edifici-residenziali\/","name":"Sportello Energia Piemonte","description":"","publisher":{"@id":"https:\/\/www.sportelloenergia.envipark.com\/edifici-residenziali\/#organization"},"potentialAction":[{"@type":"SearchAction","target":{"@type":"EntryPoint","urlTemplate":"https:\/\/www.sportelloenergia.envipark.com\/edifici-residenziali\/?s={search_term_string}"},"query-input":{"@type":"PropertyValueSpecification","valueRequired":true,"valueName":"search_term_string"}}],"inLanguage":"it-IT"},{"@type":"Organization","@id":"https:\/\/www.sportelloenergia.envipark.com\/edifici-residenziali\/#organization","name":"Sportello Energia Piemonte","url":"https:\/\/www.sportelloenergia.envipark.com\/edifici-residenziali\/","logo":{"@type":"ImageObject","inLanguage":"it-IT","@id":"https:\/\/www.sportelloenergia.envipark.com\/edifici-residenziali\/#\/schema\/logo\/image\/","url":"https:\/\/www.sportelloenergia.envipark.com\/edifici-residenziali\/wp-content\/uploads\/sites\/3\/2024\/01\/sportello-energia-piemonte-logo4.svg","contentUrl":"https:\/\/www.sportelloenergia.envipark.com\/edifici-residenziali\/wp-content\/uploads\/sites\/3\/2024\/01\/sportello-energia-piemonte-logo4.svg","width":566,"height":220,"caption":"Sportello Energia Piemonte"},"image":{"@id":"https:\/\/www.sportelloenergia.envipark.com\/edifici-residenziali\/#\/schema\/logo\/image\/"}}]}},"_links":{"self":[{"href":"https:\/\/www.sportelloenergia.envipark.com\/edifici-residenziali\/wp-json\/wp\/v2\/pages\/3857","targetHints":{"allow":["GET"]}}],"collection":[{"href":"https:\/\/www.sportelloenergia.envipark.com\/edifici-residenziali\/wp-json\/wp\/v2\/pages"}],"about":[{"href":"https:\/\/www.sportelloenergia.envipark.com\/edifici-residenziali\/wp-json\/wp\/v2\/types\/page"}],"author":[{"embeddable":true,"href":"https:\/\/www.sportelloenergia.envipark.com\/edifici-residenziali\/wp-json\/wp\/v2\/users\/1"}],"replies":[{"embeddable":true,"href":"https:\/\/www.sportelloenergia.envipark.com\/edifici-residenziali\/wp-json\/wp\/v2\/comments?post=3857"}],"version-history":[{"count":37,"href":"https:\/\/www.sportelloenergia.envipark.com\/edifici-residenziali\/wp-json\/wp\/v2\/pages\/3857\/revisions"}],"predecessor-version":[{"id":4526,"href":"https:\/\/www.sportelloenergia.envipark.com\/edifici-residenziali\/wp-json\/wp\/v2\/pages\/3857\/revisions\/4526"}],"wp:attachment":[{"href":"https:\/\/www.sportelloenergia.envipark.com\/edifici-residenziali\/wp-json\/wp\/v2\/media?parent=3857"}],"curies":[{"name":"wp","href":"https:\/\/api.w.org\/{rel}","templated":true}]}}